{"id":4143,"date":"2014-07-23T08:53:18","date_gmt":"2014-07-23T08:53:18","guid":{"rendered":"https:\/\/www.soluciencia.com\/politica-de-privacidad\/"},"modified":"2024-07-18T22:53:00","modified_gmt":"2024-07-18T20:53:00","slug":"politica-de-privacidade","status":"publish","type":"page","link":"https:\/\/www.soluciencia.com\/gl\/politica-de-privacidade\/","title":{"rendered":"Pol\u00edtica de cookies e privacidade"},"content":{"rendered":"<h2 style=\"text-align: center;\">POL\u00cdTICA DE COOKIES E PRIVACIDADE<\/h2>\n<p><strong>Google Analytics<\/strong><\/p>\n<p>En cumprimento do Real Decreto-Lei 13\/2012, Soluciencia inf\u00f3rmalle de que a s\u00faa p\u00e1xina web utiliza Google Analytics, un servizo de an\u00e1lise web prestado por Google, Inc. Google Analytics coloca unha serie de cookies (4 por defecto) no seu ordenador coa \u00fanica finalidade. de avaliar o tipo de navegaci\u00f3n que realiza no sitio web e de presentarnos informes de actividade no sitio web.<\/p>\n<p>Google almacena a informaci\u00f3n recollida polas cookies en servidores situados nos Estados Unidos e comprom\u00e9tese a non compartila con terceiros, salvo cando a lei o requira ou sexa necesario para o funcionamento do sistema. Google non asocia o teu enderezo IP con ningunha outra informaci\u00f3n que te\u00f1a.<\/p>\n<p>Google Inc. \u00e9 unha empresa que se adhire ao Acordo Safe Harbor. Este acordo garante que os datos transferidos ser\u00e1n tratados cun nivel de protecci\u00f3n conforme \u00e1 normativa europea. Podes consultar o formulario de inscrici\u00f3n de Google nesta ligaz\u00f3n:\u00a0 <a href=\"http:\/\/safeharbor.export.gov\/companyinfo.aspx?id=16626\" target=\"_blank\" rel=\"noopener\">Ficha de rexistro de Google no Acordo de Porto Seguro<\/a>.<\/p>\n<p style=\"text-align: justify;\">Se desexa obter m\u00e1is informaci\u00f3n sobre as cookies utilizadas por Google Analytics, acceda a este enderezo: <a href=\"http:\/\/code.google.com\/apis\/analytics\/docs\/concepts\/gaConceptsCookies.html\" target=\"_blank\" rel=\"noopener\">Conceptos sobre cookies de Google Analytics<\/a>.<\/p>\n<p style=\"text-align: justify;\">Google desenvolveu un complemento que podes instalar no teu navegador se non queres que as s\u00faas cookies non o rastrexen: <a href=\"http:\/\/tools.google.com\/dlpage\/gaoptout\" target=\"_blank\" rel=\"noopener\">Complemento Opt-out de Google Analytics<\/a>.<\/p>\n<p>A elecci\u00f3n que faga sobre o uso das cookies de Google Analytics neste sitio rexistrarase nunha cookie adicional que tam\u00e9n se almacenar\u00e1 no seu ordenador.<\/p>\n<p>A continuaci\u00f3n inform\u00e1mosche detalladamente sobre as cookies que se poden instalar dende a nosa web. Dependendo da t\u00faa navegaci\u00f3n, p\u00f3dense instalar todos ou s\u00f3 alg\u00fans deles.<\/p>\n<table>\n<tbody>\n<tr>\n<td>NOMBRE COOKIE<\/td>\n<td>CATEGOR\u00cdA<\/td>\n<td>DESCRIPCI\u00d3N<\/td>\n<td>DURACI\u00d3N<\/td>\n<\/tr>\n<tr>\n<td>wordpress_<\/td>\n<td>2<\/td>\n<td>Cookie de WordPress para un usuario conectado<\/td>\n<td>Sesi\u00f3n<\/td>\n<\/tr>\n<tr>\n<td>wordpress_logged_in<\/td>\n<td>2<\/td>\n<td>Cookie de WordPress para un usuario conectado<\/td>\n<td>Sesi\u00f3n<\/td>\n<\/tr>\n<tr>\n<td>wordpress_test_<\/td>\n<td>2<\/td>\n<td>Cookie de WordPress para un usuario conectado<\/td>\n<td>Sesi\u00f3n<\/td>\n<\/tr>\n<tr>\n<td>wordpress_test_cookie<\/td>\n<td>2<\/td>\n<td>Cookie de proba de WordPress<\/td>\n<td>Sesi\u00f3n<\/td>\n<\/tr>\n<tr>\n<td>wp-settings-<\/td>\n<td>1<\/td>\n<td>WordPress tam\u00e9n establece algunhas cookies wp-settings-[UID]. O n\u00famero final \u00e9 o ID de usuario individual da t\u00e1boa da base de datos de usuarios. Isto \u00fasase para personalizar a vista da interface de administraci\u00f3n, e posiblemente tam\u00e9n da interface principal do sitio. WordPress tam\u00e9n establece cookies para wp-settings-{time}-[UID]<\/td>\n<td>1 ano<\/td>\n<\/tr>\n<tr>\n<td>wp-settings-time-<\/td>\n<td>2<\/td>\n<td>O n\u00famero final \u00e9 o ID de usuario individual da t\u00e1boa da base de datos de usuarios. Isto \u00fasase para personalizar a vista da interface de administraci\u00f3n, e posiblemente tam\u00e9n da interface principal do sitio.<\/td>\n<td>1 ano<\/td>\n<\/tr>\n<tr>\n<td>PHPSESSID<\/td>\n<td>1<\/td>\n<td>Para identificar unha \u00fanica sesi\u00f3n no sitio web.<\/td>\n<td>Sesi\u00f3n<\/td>\n<\/tr>\n<tr>\n<td>SESS<\/td>\n<td>1<\/td>\n<td>Para garantir que se lle reco\u00f1ece cando se move dunha p\u00e1xina a outra dentro do sitio e que se lembrar\u00e1 calquera informaci\u00f3n que introduciu.<\/td>\n<td>Sesi\u00f3n<\/td>\n<\/tr>\n<tr>\n<td>_utma<\/td>\n<td>2<\/td>\n<td>Esta cookie mant\u00e9n un rexistro do n\u00famero de veces que un usuario visitou o sitio ao que pertence a cookie, cando foi a s\u00faa primeira visita e cando ocorreu a s\u00faa \u00faltima visita. Google Analytics usa a informaci\u00f3n das cookies para calcular cousas como d\u00edas e visitas para comprar.<\/td>\n<td>Permanente<\/td>\n<\/tr>\n<tr>\n<td>_utmb<\/td>\n<td>2<\/td>\n<td>\u00c9 unha cookie de Google Analytics. Establece a hora exacta na que un visitante entra nun sitio.<\/td>\n<td>Sesi\u00f3n<\/td>\n<\/tr>\n<tr>\n<td>_utmc<\/td>\n<td>2<\/td>\n<td>\u00c9 unha cookie de Google Analytics. Establece o momento exacto en que un visitante abandona un sitio.<\/td>\n<td>30 m\u00ednutos<\/td>\n<\/tr>\n<tr>\n<td>_utmz<\/td>\n<td>2<\/td>\n<td>Rastrexa de onde procede o visitante, que motor de busca utilizou, en que ligaz\u00f3n fixo clic, que palabra clave utilizou e en que lugar do mundo se atopa ao acceder a un sitio web. Esta cookie \u00e9 como Google Analytics sabe a quen e para que fonte\/medio\/palabra clave asigna un obxectivo de conversi\u00f3n ou unha transacci\u00f3n de comercio electr\u00f3nico.<\/td>\n<td>6 meses<\/td>\n<\/tr>\n<\/tbody>\n<\/table>\n<h2 style=\"text-align: center;\">CONDICI\u00d3NS XERAIS DE USO DO SITIO DE SOLUCIENCIA<\/h2>\n<p style=\"text-align: justify;\">Antonio Rodr\u00edguez Castro (EN ADELANTE EL PROPIETARIO) con domicilio a efectos de notificaciones en R\u00faa Franc\u00e9s, 4-4A. 15.895 Milladoiro &#8211; Ames (A Coru\u00f1a) con NIF 76777320-P pone a disposici\u00f3n en su sitio web www.dnsempresas.com determinados contenidos de car\u00e1cter informativo sobre sus actividades.Las presentes condiciones generales rigen \u00fanica y exclusivamente el uso del sitio web de EL PROPIETARIO por parte de los USUARIOS que accedan al mismo. Las presentes condiciones generales se le exponen al USUARIO en el sitio web www.dnsempresas.com en todas y cada una de las p\u00e1ginas, para que las lea, las imprima, archive y acepte a trav\u00e9s de internet y se encuentre plenamente informado.<\/p>\n<p style=\"text-align: justify;\">El acceso al sitio web de EL PROPIETARIO implica sin reservas la aceptaci\u00f3n de las presentes condiciones generales de uso que el USUARIO afirma comprender en su totalidad. El USUARIO se compromete no a utilizar el sitio web y los servicios que se ofrecen en el mismo para la realizaci\u00f3n de actividades contrarias a la ley y a respetar en todo momento las presentes condiciones generales.<\/p>\n<p>Antonio Rodr\u00edguez Castro (EN DIANTE O TITULAR) con domicilio para efectos de notificaci\u00f3ns na r\u00faa Franc\u00e9s, 4-4A. 15.895 Milladoiro &#8211; Ames (A Coru\u00f1a) con NIF 76777320-P pon a disposici\u00f3n na s\u00faa p\u00e1xina web www.dnsempresas.com determinados contidos informativos sobre as s\u00faas actividades. As presentes condici\u00f3ns xerais rexen \u00fanica e exclusivamente o uso da p\u00e1xina web DO PROPIETARIO por parte dos USUARIOS que accedan \u00e1 mesma. As presentes condici\u00f3ns xerais est\u00e1n expostas ao USUARIO na p\u00e1xina web www.dnsempresas.com en todas e cada unha das p\u00e1xinas, para que as poida lelas, imprimirlas, arquivarlas e aceptalas a trav\u00e9s de Internet e estar plenamente informado.<\/p>\n<p>O acceso \u00e1 p\u00e1xina web do PROPIETARIO implica a aceptaci\u00f3n sen reservas das presentes condici\u00f3ns xerais de uso, que o USUARIO afirma comprender na s\u00faa totalidade. O USUARIO comprom\u00e9tese a non utilizar o sitio web e os servizos que nel se ofrecen para realizar actividades contrarias \u00e1 lei e a respectar en todo momento as presentes condici\u00f3ns xerais.<\/p>\n<h3>PRIMEIRA.- CONDICI\u00d3NS DE ACCESO E USO<\/h3>\n<ol>\n<li>O uso da p\u00e1xina web do PROPIETARIO non sup\u00f3n o rexistro obrigatorio para o USUARIO. As condici\u00f3ns de acceso e uso deste sitio web r\u00e9xense estritamente pola lexislaci\u00f3n vixente e polo principio de boa fe, compromet\u00e9ndose o USUARIO a facer un bo uso do sitio web. Quedan prohibidos todos os actos que vulneren a lei, dereitos ou intereses de terceiros: dereito \u00e1 intimidade, protecci\u00f3n de datos, propiedade intelectual, etc. O PROPIETARIO prohibe expresamente o seguinte:\n<ul>\n<li>Realizar actuaci\u00f3ns que poidan provocar na web ou a trav\u00e9s dela por calquera medio calquera tipo de dano nos sistemas do PROPIETARIO ou de terceiros.<\/li>\n<li>Realizar sen a debida autorizaci\u00f3n calquera tipo de publicidade ou informaci\u00f3n comercial de forma directa ou encuberta, enviando correos electr\u00f3nicos masivos (\u201cspaming\u201d) ou enviando grandes mensaxes co fin de bloquear os servidores da rede (\u201cmail \u201cbombing\u201d).<\/li>\n<\/ul>\n<\/li>\n<li>O PROPIETARIO poder\u00e1 interromper o acceso ao seu sitio web en calquera momento se detecta un uso contrario \u00e1 legalidade, \u00e1 boa fe ou \u00e1s presentes condici\u00f3ns xerais &#8211; ver cl\u00e1usula quinta.<\/li>\n<\/ol>\n<h3 style=\"text-align: justify;\"><strong>SEGUNDA.- CONTIDOS<\/strong><\/h3>\n<p>O contido incorporado a este sitio web foi elaborado e inclu\u00eddo por:<\/p>\n<ol>\n<li>O PROPIETARIO utilizando fontes internas e externas de forma que O PROPIETARIO s\u00f3 se fai responsable dos contidos elaborados internamente.<\/li>\n<li>O PROPIETARIO res\u00e9rvase o dereito a modificar o contido existente na s\u00faa p\u00e1xina web en calquera momento. O PROPIETARIO non garante nin se fai responsable do correcto funcionamento das ligaz\u00f3ns a sitios web de terceiros que aparecen en www.dnsempresas.com. Adicionalmente, a trav\u00e9s da p\u00e1xina web do PROPIETARIO p\u00f3\u00f1ense a disposici\u00f3n do usuario servizos gratu\u00edtos e de pago ofrecidos por terceiros alleos e rexeranse polas condici\u00f3ns particulares de cada un deles. O PROPIETARIO non garante a veracidade, exactitude ou actualidade dos contidos e servizos ofrecidos por terceiros e queda expresamente exento de todo tipo de responsabilidade polos danos e prexu\u00edzos que poidan derivarse da falta de exactitude destes contidos e servizos.<\/li>\n<\/ol>\n<h3 style=\"text-align: justify;\">TERCERA.- RESPONSABILIDADE<\/h3>\n<ol>\n<li>O PROPIETARIO en ning\u00fan caso ser\u00e1 responsable de:\n<ul>\n<li>\u00a0Fallos e incidencias que se poidan producir nas comunicaci\u00f3ns, borrado ou transmisi\u00f3ns incompletas polo que non se garante que os servizos do sitio web estean continuamente operativos.<\/li>\n<li>\u00a0Da produci\u00f3n de calquera tipo de dano que os USUARIOS ou terceiros puidesen ocasionar ao sitio web.<\/li>\n<li>\u00a0A fiabilidade e veracidade da informaci\u00f3n introducida por terceiros na p\u00e1xina web, ben directamente ou mediante ligaz\u00f3ns. As\u00ed mesmo, Antonio Rodr\u00edguez Castro colaborar\u00e1 e comunicar\u00e1 estas incidencias \u00e1 autoridade competente en canto te\u00f1a co\u00f1ecemento fidedigno de que os danos causados \u200b\u200bconstit\u00faen calquera tipo de actividade il\u00edcita.<\/li>\n<\/ul>\n<\/li>\n<li>O PROPIETARIO res\u00e9rvase o dereito de suspender o acceso sen previo aviso \u00e1 s\u00faa discreci\u00f3n e con car\u00e1cter permanente ou temporal ata que se asegure a responsabilidade efectiva dos danos que se poidan producir. As\u00ed mesmo, O PROPIETARIO colaborar\u00e1 e comunicar\u00e1 estas incidencias \u00e1 autoridade competente no momento en que te\u00f1a co\u00f1ecemento fidedigno de que os danos causados \u200b\u200bconstit\u00faen calquera tipo de actividade il\u00edcita.<\/li>\n<\/ol>\n<h3 style=\"text-align: justify;\">CUARTA.- DERECHOS DE AUTOR Y MARCA<\/h3>\n<p style=\"text-align: justify;\">O sitio web do PROPIETARIO -contido propio, programaci\u00f3n e dese\u00f1o do sitio web- est\u00e1 totalmente protexido polos dereitos de autor, quedando expresamente prohibida toda reproduci\u00f3n, comunicaci\u00f3n, distribuci\u00f3n e transformaci\u00f3n dos citados elementos protexidos sen o consentimento expreso do PROPIETARIO. Os materiais gr\u00e1ficos e escritos enviados polos usuarios a trav\u00e9s dos medios postos a disposici\u00f3n na p\u00e1xina web son propiedade do usuario que, mediante o seu env\u00edo, afirma a s\u00faa lex\u00edtima autor\u00eda e cede os dereitos de reproduci\u00f3n e distribuci\u00f3n ao PROPIETARIO.<\/p>\n<h3 style=\"text-align: justify;\">QUINTA.- XURISDICCI\u00d3N E LEI APLICABLE<\/h3>\n<p style=\"text-align: justify;\">Estas condici\u00f3ns xerais r\u00e9xense pola lexislaci\u00f3n espa\u00f1ola. Son competentes os Xulgados de Santiago de Compostela para resolver calquera controversia ou conflito derivado das presentes condici\u00f3ns xerais, renunciando expresamente o USUARIO a calquera outro foro que puidese corresponderlle.<\/p>\n<h3 style=\"text-align: justify;\">SEXTA<\/h3>\n<p style=\"text-align: justify;\">No caso de que algunha cl\u00e1usula deste documento fose declarada nula, as demais cl\u00e1usulas seguir\u00e1n vixentes e interpretaranse tendo en conta a vontade das partes e a propia finalidade das presentes condici\u00f3ns. O PROPIETARIO non poder\u00e1 exercer ning\u00fan dos dereitos e facultades conferidos neste documento, o que non supor\u00e1 en ning\u00fan caso a renuncia a eles salvo que o reco\u00f1eza expresamente O PROPIETARIO.<\/p>\n","protected":false},"excerpt":{"rendered":"<p>POL\u00cdTICA DE COOKIES E PRIVACIDADE Google Analytics En cumprimento do Real Decreto-Lei 13\/2012, Soluciencia inf\u00f3rmalle de que a s\u00faa p\u00e1xina web utiliza Google Analytics, un servizo de an\u00e1lise web prestado por Google, Inc. Google Analytics coloca unha serie de cookies (4 por defecto) no seu ordenador coa \u00fanica finalidade. de avaliar o tipo de navegaci\u00f3n [&hellip;]<\/p>\n","protected":false},"author":1,"featured_media":0,"parent":0,"menu_order":0,"comment_status":"open","ping_status":"open","template":"","meta":{"footnotes":""},"class_list":["post-4143","page","type-page","status-publish","hentry"],"_links":{"self":[{"href":"https:\/\/www.soluciencia.com\/gl\/wp-json\/wp\/v2\/pages\/4143","targetHints":{"allow":["GET"]}}],"collection":[{"href":"https:\/\/www.soluciencia.com\/gl\/wp-json\/wp\/v2\/pages"}],"about":[{"href":"https:\/\/www.soluciencia.com\/gl\/wp-json\/wp\/v2\/types\/page"}],"author":[{"embeddable":true,"href":"https:\/\/www.soluciencia.com\/gl\/wp-json\/wp\/v2\/users\/1"}],"replies":[{"embeddable":true,"href":"https:\/\/www.soluciencia.com\/gl\/wp-json\/wp\/v2\/comments?post=4143"}],"version-history":[{"count":5,"href":"https:\/\/www.soluciencia.com\/gl\/wp-json\/wp\/v2\/pages\/4143\/revisions"}],"predecessor-version":[{"id":4152,"href":"https:\/\/www.soluciencia.com\/gl\/wp-json\/wp\/v2\/pages\/4143\/revisions\/4152"}],"wp:attachment":[{"href":"https:\/\/www.soluciencia.com\/gl\/wp-json\/wp\/v2\/media?parent=4143"}],"curies":[{"name":"wp","href":"https:\/\/api.w.org\/{rel}","templated":true}]}}