{"id":3331,"date":"2017-08-11T11:06:15","date_gmt":"2017-08-11T09:06:15","guid":{"rendered":"http:\/\/www.soluciencia.com\/?page_id=3331"},"modified":"2017-08-14T13:23:35","modified_gmt":"2017-08-14T11:23:35","slug":"mais-solucions","status":"publish","type":"page","link":"https:\/\/www.soluciencia.com\/gl\/mais-solucions\/","title":{"rendered":"M\u00e1is soluci\u00f3ns"},"content":{"rendered":"<div  class='flex_column av-av_one_half-2a9015ff38129c418a3f2eafba3e9512 av_one_half  avia-builder-el-0  el_before_av_one_half  avia-builder-el-first  first flex_column_div  '     ><section  class='av_textblock_section av-av_textblock-0366cc7376be6c9e82a3e9cc8987b64f '   itemscope=\"itemscope\" itemtype=\"https:\/\/schema.org\/CreativeWork\" ><div class='avia_textblock'  itemprop=\"text\" ><p style=\"text-align: justify;\">A difusi\u00f3n e o intercambio do co\u00f1ecemento adquirido son fundamentais a la hora de garantir o progreso cient\u00edfico. De feito, reco\u00f1\u00e9cese de maneira universal a importancia que te\u00f1en os congresos, conferencias, cursos\u2026\u00a0 \u00e1 hora de conseguir a expansi\u00f3n do co\u00f1ecemento cient\u00edfico as\u00ed como o seu aproveitamento en \u00e1reas de traballo parecidas ou m\u00e1is ou menos distantes.<\/p>\n<p style=\"text-align: justify;\">O debate entre profesionais dun sector coa posta en com\u00fan de ideas, a difusi\u00f3n de experiencias propias e o contraste coas vividas polos demais membros participantes na discusi\u00f3n, fomenta este aproveitamento \u00fatil do co\u00f1ecemento, non s\u00f3 entre os cient\u00edficos, sen\u00f3n tam\u00e9n entre o p\u00fablico asistente ao debate, conferencia\u2026<\/p>\n<p style=\"text-align: justify;\">Polo tanto, han de considerarse como ferramentas b\u00e1sicas de traballo, relacionadas intrinsecamente coa investigaci\u00f3n.<\/p>\n<p style=\"text-align: justify;\">Outra forma de aproveitamento do co\u00f1ecemento cient\u00edfico \u00e9 o seu uso na elaboraci\u00f3n de informes que podan contribu\u00edr ao desenvolvemento de determinadas actividades, a s\u00faa mellora \u00a0ou mesmo ao esclarecemento de actividades, en principio, presuntamente delituosas. Os informes periciais son unha ferramenta moi com\u00fan en determinados procesos e, nalg\u00fans deles, conv\u00e9rtense en peza clave.<\/p>\n<p style=\"text-align: justify;\">SOLUCIENCIA ofrece tam\u00e9n soluci\u00f3ns neste senso, como son:<\/p>\n<ul>\n<li style=\"text-align: justify;\">Elaboraci\u00f3n de informes periciais.<\/li>\n<li style=\"text-align: justify;\">Conferencias, coloquios,\u2026<\/li>\n<li style=\"text-align: justify;\">Organizaci\u00f3n de eventos: cursos, congresos, xornadas\u2026<\/li>\n<\/ul>\n<\/div><\/section><\/div>\n\n<style type=\"text\/css\" data-created_by=\"avia_inline_auto\" id=\"style-css-av-av_one_half-2a64de42b738552fe666ca889af77e28\">\n.flex_column.av-av_one_half-2a64de42b738552fe666ca889af77e28{\nborder-radius:0px 0px 0px 0px;\npadding:0px 0px 0px 0px;\n}\n<\/style>\n<div  class='flex_column av-av_one_half-2a64de42b738552fe666ca889af77e28 av_one_half  avia-builder-el-2  el_after_av_one_half  avia-builder-el-last  flex_column_div av-zero-column-padding  '     ><p>\n<style type=\"text\/css\" data-created_by=\"avia_inline_auto\" id=\"style-css-av-av_image-180090ce241f79f1d06d0f6ad7a54669\">\n.avia-image-container.av-av_image-180090ce241f79f1d06d0f6ad7a54669 img.avia_image{\nbox-shadow:none;\n}\n.avia-image-container.av-av_image-180090ce241f79f1d06d0f6ad7a54669 .av-image-caption-overlay-center{\ncolor:#ffffff;\n}\n<\/style>\n<div  class='avia-image-container av-av_image-180090ce241f79f1d06d0f6ad7a54669 av-styling- av-hover-grow avia-align-center  avia-builder-el-3  el_before_av_hr  avia-builder-el-first '   itemprop=\"image\" itemscope=\"itemscope\" itemtype=\"https:\/\/schema.org\/ImageObject\" ><div class=\"avia-image-container-inner\"><div class=\"avia-image-overlay-wrap\"><img decoding=\"async\" fetchpriority=\"high\" class='wp-image-3904 avia-img-lazy-loading-not-3904 avia_image ' src=\"https:\/\/www.soluciencia.com\/wp-content\/uploads\/2015\/07\/biblioteca-300x169.jpg\" alt='A procura de informaci\u00f3n \u00e9 b\u00e1sica para acadar novos obxectivos e metas' title='A procura de informaci\u00f3n \u00e9 b\u00e1sica para acadar novos obxectivos e metas'  height=\"169\" width=\"300\"  itemprop=\"thumbnailUrl\" srcset=\"https:\/\/www.soluciencia.com\/wp-content\/uploads\/2015\/07\/biblioteca-300x169.jpg 300w, https:\/\/www.soluciencia.com\/wp-content\/uploads\/2015\/07\/biblioteca-768x432.jpg 768w, https:\/\/www.soluciencia.com\/wp-content\/uploads\/2015\/07\/biblioteca-1030x579.jpg 1030w, https:\/\/www.soluciencia.com\/wp-content\/uploads\/2015\/07\/biblioteca-1500x844.jpg 1500w, https:\/\/www.soluciencia.com\/wp-content\/uploads\/2015\/07\/biblioteca-705x397.jpg 705w, https:\/\/www.soluciencia.com\/wp-content\/uploads\/2015\/07\/biblioteca-450x253.jpg 450w\" sizes=\"(max-width: 300px) 100vw, 300px\" \/><\/div><\/div><\/div><br \/>\n\n<style type=\"text\/css\" data-created_by=\"avia_inline_auto\" id=\"style-css-av-av_image-c7e02cb29afc27885e5b4da36762e7e1\">\n.avia-image-container.av-av_image-c7e02cb29afc27885e5b4da36762e7e1 img.avia_image{\nbox-shadow:none;\n}\n.avia-image-container.av-av_image-c7e02cb29afc27885e5b4da36762e7e1 .av-image-caption-overlay-center{\ncolor:#ffffff;\n}\n<\/style>\n<div  class='avia-image-container av-av_image-c7e02cb29afc27885e5b4da36762e7e1 av-styling- av-hover-grow avia-align-center'   itemprop=\"image\" itemscope=\"itemscope\" itemtype=\"https:\/\/schema.org\/ImageObject\" ><div class=\"avia-image-container-inner\"><div class=\"avia-image-overlay-wrap\"><img decoding=\"async\" fetchpriority=\"high\" class='wp-image-3906 avia-img-lazy-loading-not-3906 avia_image ' src=\"https:\/\/www.soluciencia.com\/wp-content\/uploads\/2015\/07\/traballos-soluciencia-300x168.jpg\" alt='Outras \u00e1reas de traballo nas que se implica Soluciencia' title='Outras \u00e1reas de traballo nas que se implica Soluciencia'  height=\"168\" width=\"300\"  itemprop=\"thumbnailUrl\" srcset=\"https:\/\/www.soluciencia.com\/wp-content\/uploads\/2015\/07\/traballos-soluciencia-300x168.jpg 300w, https:\/\/www.soluciencia.com\/wp-content\/uploads\/2015\/07\/traballos-soluciencia-768x431.jpg 768w, https:\/\/www.soluciencia.com\/wp-content\/uploads\/2015\/07\/traballos-soluciencia-1030x577.jpg 1030w, https:\/\/www.soluciencia.com\/wp-content\/uploads\/2015\/07\/traballos-soluciencia-705x395.jpg 705w, https:\/\/www.soluciencia.com\/wp-content\/uploads\/2015\/07\/traballos-soluciencia-450x252.jpg 450w, https:\/\/www.soluciencia.com\/wp-content\/uploads\/2015\/07\/traballos-soluciencia.jpg 1370w\" sizes=\"(max-width: 300px) 100vw, 300px\" \/><\/div><\/div><\/div><br \/>\n\n<style type=\"text\/css\" data-created_by=\"avia_inline_auto\" id=\"style-css-av-av_image-b2d11ec6bb3c9d9381de4a0d05817203\">\n.avia-image-container.av-av_image-b2d11ec6bb3c9d9381de4a0d05817203 img.avia_image{\nbox-shadow:none;\n}\n.avia-image-container.av-av_image-b2d11ec6bb3c9d9381de4a0d05817203 .av-image-caption-overlay-center{\ncolor:#ffffff;\n}\n<\/style>\n<div  class='avia-image-container av-av_image-b2d11ec6bb3c9d9381de4a0d05817203 av-styling- av-hover-grow avia-align-center'   itemprop=\"image\" itemscope=\"itemscope\" itemtype=\"https:\/\/schema.org\/ImageObject\" ><div class=\"avia-image-container-inner\"><div class=\"avia-image-overlay-wrap\"><img decoding=\"async\" fetchpriority=\"high\" class='wp-image-3905 avia-img-lazy-loading-not-3905 avia_image ' src=\"https:\/\/www.soluciencia.com\/wp-content\/uploads\/2015\/07\/informe-resultados-300x259.png\" alt='Soluciencia elabora informes periciais, de consumo enerx\u00e9tico, estudos de impacto ambiental...' title='Soluciencia elabora informes periciais, de consumo enerx\u00e9tico, estudos de impacto ambiental...'  height=\"259\" width=\"300\"  itemprop=\"thumbnailUrl\" srcset=\"https:\/\/www.soluciencia.com\/wp-content\/uploads\/2015\/07\/informe-resultados-300x259.png 300w, https:\/\/www.soluciencia.com\/wp-content\/uploads\/2015\/07\/informe-resultados-768x663.png 768w, https:\/\/www.soluciencia.com\/wp-content\/uploads\/2015\/07\/informe-resultados-705x608.png 705w, https:\/\/www.soluciencia.com\/wp-content\/uploads\/2015\/07\/informe-resultados-450x388.png 450w, https:\/\/www.soluciencia.com\/wp-content\/uploads\/2015\/07\/informe-resultados.png 920w\" sizes=\"(max-width: 300px) 100vw, 300px\" \/><\/div><\/div><\/div><\/p><\/div>\n","protected":false},"excerpt":{"rendered":"","protected":false},"author":1,"featured_media":0,"parent":0,"menu_order":0,"comment_status":"open","ping_status":"open","template":"","meta":{"footnotes":""},"class_list":["post-3331","page","type-page","status-publish","hentry"],"_links":{"self":[{"href":"https:\/\/www.soluciencia.com\/gl\/wp-json\/wp\/v2\/pages\/3331","targetHints":{"allow":["GET"]}}],"collection":[{"href":"https:\/\/www.soluciencia.com\/gl\/wp-json\/wp\/v2\/pages"}],"about":[{"href":"https:\/\/www.soluciencia.com\/gl\/wp-json\/wp\/v2\/types\/page"}],"author":[{"embeddable":true,"href":"https:\/\/www.soluciencia.com\/gl\/wp-json\/wp\/v2\/users\/1"}],"replies":[{"embeddable":true,"href":"https:\/\/www.soluciencia.com\/gl\/wp-json\/wp\/v2\/comments?post=3331"}],"version-history":[{"count":0,"href":"https:\/\/www.soluciencia.com\/gl\/wp-json\/wp\/v2\/pages\/3331\/revisions"}],"wp:attachment":[{"href":"https:\/\/www.soluciencia.com\/gl\/wp-json\/wp\/v2\/media?parent=3331"}],"curies":[{"name":"wp","href":"https:\/\/api.w.org\/{rel}","templated":true}]}}