{"id":3317,"date":"2017-08-11T11:05:52","date_gmt":"2017-08-11T09:05:52","guid":{"rendered":"http:\/\/www.soluciencia.com\/?page_id=3317"},"modified":"2017-08-14T13:27:46","modified_gmt":"2017-08-14T11:27:46","slug":"solucions-riscos-laborais","status":"publish","type":"page","link":"https:\/\/www.soluciencia.com\/gl\/solucions-riscos-laborais\/","title":{"rendered":"Soluci\u00f3ns Riscos Laborais"},"content":{"rendered":"<div  class='flex_column av-av_one_half-2a9015ff38129c418a3f2eafba3e9512 av_one_half  avia-builder-el-0  el_before_av_one_half  avia-builder-el-first  first flex_column_div  '     ><section  class='av_textblock_section av-av_textblock-0366cc7376be6c9e82a3e9cc8987b64f '   itemscope=\"itemscope\" itemtype=\"https:\/\/schema.org\/CreativeWork\" ><div class='avia_textblock'  itemprop=\"text\" ><p style=\"text-align: justify;\">A Lei 31\/1995 de Prevenci\u00f3n de Riscos Laborais e as s\u00faas sucesivas modificaci\u00f3ns constit\u00faen a normativa legal b\u00e1sica nesta materia en Espa\u00f1a. Dita lei naceu co fin de promover a mellora das condici\u00f3ns de traballo e as\u00ed elevar o nivel de protecci\u00f3n da seguridade e a sa\u00fade dos traballadores no traballo.<\/p>\n<p style=\"text-align: justify;\">Obviamente, do anterior p\u00f3dese deducir que o concepto Prevenci\u00f3n \u00e9 moi amplo e o seu enfoque ha de facerse dende diferentes puntos de vista.<\/p>\n<p style=\"text-align: justify;\">En primeiro lugar hai que falar da Seguridade no Traballo; tr\u00e1tase da t\u00e9cnica non m\u00e9dica cuxa finalidade se centra na loita contra os accidentes de traballo, evitando e controlando as s\u00faas consecuencias. Dende esta definici\u00f3n xorden dous conceptos asociados: Prevenci\u00f3n (actuaci\u00f3n sobre as causas orixinais dos accidentes) e Protecci\u00f3n (actuaci\u00f3n sobre os equipos de traballo ou directamente sobre as persoas expostas a un determinado risco).<\/p>\n<p style=\"text-align: justify;\">O segundo concepto a ter en conta \u00e9 a Hixiene do Traballo; tr\u00e1tase do conxunto de co\u00f1ecementos cient\u00edficos e tecnol\u00f3xicos aplicados ao<\/p>\n<p style=\"padding-left: 30px; text-align: justify;\">a)\u00a0\u00a0\u00a0\u00a0\u00a0 Estudo, reco\u00f1ecemento e avaliaci\u00f3n das sustancias e factores ambientais derivados do traballo, que poden incidir negativamente na sa\u00fade dos traballadores.<\/p>\n<p style=\"padding-left: 30px; text-align: justify;\">b)\u00a0\u00a0\u00a0\u00a0\u00a0 Control dos factores ambientais e o dese\u00f1o de medios preventivos para evitar enfermidades e\/ou molestias derivadas dos riscos anteriormente mencionadas.<\/p>\n<p style=\"text-align: justify;\">En terceiro lugar hai que falar da Ergonom\u00eda; tr\u00e1tase da aplicaci\u00f3n conxunta de ciencias biol\u00f3xicas e da enxe\u00f1ar\u00eda para asegurar entre o traballador e o traballo unha adaptaci\u00f3n mutua buscando incrementar o rendemento do traballador e contribu\u00edr ao seu benestar.<\/p>\n<p style=\"text-align: justify;\">Ademais da lexislaci\u00f3n vixente, existe una instruci\u00f3n (OHSAS 18001) cuxa implantaci\u00f3n permite \u00e1s empresas unha boa xesti\u00f3n en materia de prevenci\u00f3n de riscos laborais; tal xesti\u00f3n aporta beneficios importantes: menor grao de absentismo, maior produtividade (traballar con riscos m\u00ednimos e en condici\u00f3ns axeitadas), menores custes nas p\u00f3lizas de seguros, ambientes de traballo optimizados\u2026<\/p>\n<p style=\"text-align: justify;\">SOLUCIENCIA ofrece soluci\u00f3ns nos tres \u00e1mbitos mencionados:<\/p>\n<ul style=\"text-align: justify;\">\n<li>Estimaci\u00f3n de Riscos.<\/li>\n<li>Reduci\u00f3n de Factores de Risco.<\/li>\n<li>Xesti\u00f3n da Prevenci\u00f3n de Riscos Laborais (OHSAS 18001).<\/li>\n<li>Formaci\u00f3n.<\/li>\n<\/ul>\n<\/div><\/section><\/div>\n\n<style type=\"text\/css\" data-created_by=\"avia_inline_auto\" id=\"style-css-av-av_one_half-2a64de42b738552fe666ca889af77e28\">\n.flex_column.av-av_one_half-2a64de42b738552fe666ca889af77e28{\nborder-radius:0px 0px 0px 0px;\npadding:0px 0px 0px 0px;\n}\n<\/style>\n<div  class='flex_column av-av_one_half-2a64de42b738552fe666ca889af77e28 av_one_half  avia-builder-el-2  el_after_av_one_half  avia-builder-el-last  flex_column_div av-zero-column-padding  '     ><p>\n<style type=\"text\/css\" data-created_by=\"avia_inline_auto\" id=\"style-css-av-av_image-f43c37514c1a2972f68366eaeec08960\">\n.avia-image-container.av-av_image-f43c37514c1a2972f68366eaeec08960 img.avia_image{\nbox-shadow:none;\n}\n.avia-image-container.av-av_image-f43c37514c1a2972f68366eaeec08960 .av-image-caption-overlay-center{\ncolor:#ffffff;\n}\n<\/style>\n<div  class='avia-image-container av-av_image-f43c37514c1a2972f68366eaeec08960 av-styling- av-hover-grow avia-align-center  avia-builder-el-3  el_before_av_hr  avia-builder-el-first '   itemprop=\"image\" itemscope=\"itemscope\" itemtype=\"https:\/\/schema.org\/ImageObject\" ><div class=\"avia-image-container-inner\"><div class=\"avia-image-overlay-wrap\"><img decoding=\"async\" fetchpriority=\"high\" class='wp-image-3895 avia-img-lazy-loading-not-3895 avia_image ' src=\"https:\/\/www.soluciencia.com\/wp-content\/uploads\/2015\/07\/gruas-300x225.jpg\" alt='O manexo de gr\u00faas sup\u00f3n riscos en canto \u00e1s estruturas e a ca\u00edda de materiais' title='O manexo de gr\u00faas sup\u00f3n riscos en canto \u00e1s estruturas e a ca\u00edda de materiais'  height=\"225\" width=\"300\"  itemprop=\"thumbnailUrl\" srcset=\"https:\/\/www.soluciencia.com\/wp-content\/uploads\/2015\/07\/gruas-300x225.jpg 300w, https:\/\/www.soluciencia.com\/wp-content\/uploads\/2015\/07\/gruas-768x576.jpg 768w, https:\/\/www.soluciencia.com\/wp-content\/uploads\/2015\/07\/gruas-1030x773.jpg 1030w, https:\/\/www.soluciencia.com\/wp-content\/uploads\/2015\/07\/gruas-1500x1125.jpg 1500w, https:\/\/www.soluciencia.com\/wp-content\/uploads\/2015\/07\/gruas-705x529.jpg 705w, https:\/\/www.soluciencia.com\/wp-content\/uploads\/2015\/07\/gruas-450x338.jpg 450w, https:\/\/www.soluciencia.com\/wp-content\/uploads\/2015\/07\/gruas.jpg 2048w\" sizes=\"(max-width: 300px) 100vw, 300px\" \/><\/div><\/div><\/div><br \/>\n\n<style type=\"text\/css\" data-created_by=\"avia_inline_auto\" id=\"style-css-av-av_hr-0e9a49917b0de0706d158e440e555acc\">\n#top .hr.hr-invisible.av-av_hr-0e9a49917b0de0706d158e440e555acc{\nheight:175px;\n}\n<\/style>\n<div  class='hr av-av_hr-0e9a49917b0de0706d158e440e555acc hr-invisible  avia-builder-el-4  el_after_av_image  el_before_av_image '><span class='hr-inner '><span class=\"hr-inner-style\"><\/span><\/span><\/div><br \/>\n\n<style type=\"text\/css\" data-created_by=\"avia_inline_auto\" id=\"style-css-av-av_image-ed7f45d9e3af231f17e5bfb0c4ea7cb3\">\n.avia-image-container.av-av_image-ed7f45d9e3af231f17e5bfb0c4ea7cb3 img.avia_image{\nbox-shadow:none;\n}\n.avia-image-container.av-av_image-ed7f45d9e3af231f17e5bfb0c4ea7cb3 .av-image-caption-overlay-center{\ncolor:#ffffff;\n}\n<\/style>\n<div  class='avia-image-container av-av_image-ed7f45d9e3af231f17e5bfb0c4ea7cb3 av-styling- av-hover-grow avia-align-center  avia-builder-el-5  el_after_av_hr  el_before_av_hr '   itemprop=\"image\" itemscope=\"itemscope\" itemtype=\"https:\/\/schema.org\/ImageObject\" ><div class=\"avia-image-container-inner\"><div class=\"avia-image-overlay-wrap\"><img decoding=\"async\" fetchpriority=\"high\" class='wp-image-3894 avia-img-lazy-loading-not-3894 avia_image ' src=\"https:\/\/www.soluciencia.com\/wp-content\/uploads\/2015\/07\/extintor-169x300.jpg\" alt='\u00c9 esencial dispo\u00f1er de medidas axeitadas para afrontar calquera situaci\u00f3n de risco' title='\u00c9 esencial dispo\u00f1er de medidas axeitadas para afrontar calquera situaci\u00f3n de risco'  height=\"300\" width=\"169\"  itemprop=\"thumbnailUrl\" srcset=\"https:\/\/www.soluciencia.com\/wp-content\/uploads\/2015\/07\/extintor-169x300.jpg 169w, https:\/\/www.soluciencia.com\/wp-content\/uploads\/2015\/07\/extintor-768x1365.jpg 768w, https:\/\/www.soluciencia.com\/wp-content\/uploads\/2015\/07\/extintor-579x1030.jpg 579w, https:\/\/www.soluciencia.com\/wp-content\/uploads\/2015\/07\/extintor-844x1500.jpg 844w, https:\/\/www.soluciencia.com\/wp-content\/uploads\/2015\/07\/extintor-397x705.jpg 397w, https:\/\/www.soluciencia.com\/wp-content\/uploads\/2015\/07\/extintor-450x800.jpg 450w, https:\/\/www.soluciencia.com\/wp-content\/uploads\/2015\/07\/extintor.jpg 1746w\" sizes=\"(max-width: 169px) 100vw, 169px\" \/><\/div><\/div><\/div><br \/>\n\n<style type=\"text\/css\" data-created_by=\"avia_inline_auto\" id=\"style-css-av-av_hr-0e9a49917b0de0706d158e440e555acc\">\n#top .hr.hr-invisible.av-av_hr-0e9a49917b0de0706d158e440e555acc{\nheight:175px;\n}\n<\/style>\n<div  class='hr av-av_hr-0e9a49917b0de0706d158e440e555acc hr-invisible  avia-builder-el-6  el_after_av_image  el_before_av_image '><span class='hr-inner '><span class=\"hr-inner-style\"><\/span><\/span><\/div><br \/>\n\n<style type=\"text\/css\" data-created_by=\"avia_inline_auto\" id=\"style-css-av-av_image-9720dc7b0bfd8ee4b626e38a0b1e7dea\">\n.avia-image-container.av-av_image-9720dc7b0bfd8ee4b626e38a0b1e7dea img.avia_image{\nbox-shadow:none;\n}\n.avia-image-container.av-av_image-9720dc7b0bfd8ee4b626e38a0b1e7dea .av-image-caption-overlay-center{\ncolor:#ffffff;\n}\n<\/style>\n<div  class='avia-image-container av-av_image-9720dc7b0bfd8ee4b626e38a0b1e7dea av-styling- av-hover-grow avia-align-center  avia-builder-el-7  el_after_av_hr  avia-builder-el-last '   itemprop=\"image\" itemscope=\"itemscope\" itemtype=\"https:\/\/schema.org\/ImageObject\" ><div class=\"avia-image-container-inner\"><div class=\"avia-image-overlay-wrap\"><img decoding=\"async\" fetchpriority=\"high\" class='wp-image-3896 avia-img-lazy-loading-not-3896 avia_image ' src=\"https:\/\/www.soluciencia.com\/wp-content\/uploads\/2015\/07\/limpeza-urba-300x169.jpg\" alt='O uso de vestimenta que favoreza a visibilidade dimin\u00fae grandemente os riscos de accidente' title='O uso de vestimenta que favoreza a visibilidade dimin\u00fae grandemente os riscos de accidente'  height=\"169\" width=\"300\"  itemprop=\"thumbnailUrl\" srcset=\"https:\/\/www.soluciencia.com\/wp-content\/uploads\/2015\/07\/limpeza-urba-300x169.jpg 300w, https:\/\/www.soluciencia.com\/wp-content\/uploads\/2015\/07\/limpeza-urba-768x432.jpg 768w, https:\/\/www.soluciencia.com\/wp-content\/uploads\/2015\/07\/limpeza-urba-1030x579.jpg 1030w, https:\/\/www.soluciencia.com\/wp-content\/uploads\/2015\/07\/limpeza-urba-1500x844.jpg 1500w, https:\/\/www.soluciencia.com\/wp-content\/uploads\/2015\/07\/limpeza-urba-705x397.jpg 705w, https:\/\/www.soluciencia.com\/wp-content\/uploads\/2015\/07\/limpeza-urba-450x253.jpg 450w\" sizes=\"(max-width: 300px) 100vw, 300px\" \/><\/div><\/div><\/div><\/p><\/div>\n","protected":false},"excerpt":{"rendered":"","protected":false},"author":1,"featured_media":0,"parent":0,"menu_order":0,"comment_status":"open","ping_status":"open","template":"","meta":{"footnotes":""},"class_list":["post-3317","page","type-page","status-publish","hentry"],"_links":{"self":[{"href":"https:\/\/www.soluciencia.com\/gl\/wp-json\/wp\/v2\/pages\/3317","targetHints":{"allow":["GET"]}}],"collection":[{"href":"https:\/\/www.soluciencia.com\/gl\/wp-json\/wp\/v2\/pages"}],"about":[{"href":"https:\/\/www.soluciencia.com\/gl\/wp-json\/wp\/v2\/types\/page"}],"author":[{"embeddable":true,"href":"https:\/\/www.soluciencia.com\/gl\/wp-json\/wp\/v2\/users\/1"}],"replies":[{"embeddable":true,"href":"https:\/\/www.soluciencia.com\/gl\/wp-json\/wp\/v2\/comments?post=3317"}],"version-history":[{"count":1,"href":"https:\/\/www.soluciencia.com\/gl\/wp-json\/wp\/v2\/pages\/3317\/revisions"}],"predecessor-version":[{"id":4068,"href":"https:\/\/www.soluciencia.com\/gl\/wp-json\/wp\/v2\/pages\/3317\/revisions\/4068"}],"wp:attachment":[{"href":"https:\/\/www.soluciencia.com\/gl\/wp-json\/wp\/v2\/media?parent=3317"}],"curies":[{"name":"wp","href":"https:\/\/api.w.org\/{rel}","templated":true}]}}