{"id":3302,"date":"2017-08-11T11:39:12","date_gmt":"2017-08-11T09:39:12","guid":{"rendered":"http:\/\/www.soluciencia.com\/?page_id=3302"},"modified":"2017-08-14T13:25:13","modified_gmt":"2017-08-14T11:25:13","slug":"solucions-i-d-i","status":"publish","type":"page","link":"https:\/\/www.soluciencia.com\/gl\/solucions-i-d-i\/","title":{"rendered":"Soluci\u00f3ns I + D + i"},"content":{"rendered":"<div  class='flex_column av-av_one_half-2a9015ff38129c418a3f2eafba3e9512 av_one_half  avia-builder-el-0  el_before_av_one_half  avia-builder-el-first  first flex_column_div  '     ><section  class='av_textblock_section av-av_textblock-0366cc7376be6c9e82a3e9cc8987b64f '   itemscope=\"itemscope\" itemtype=\"https:\/\/schema.org\/CreativeWork\" ><div class='avia_textblock'  itemprop=\"text\" ><p style=\"text-align: justify;\">A sociedade do co\u00f1ecemento fai da investigaci\u00f3n un concepto clave para a evoluci\u00f3n crecente da actividade empresarial. A procura de novos produtos ou procesos ou a mellora dos xa implantados en canto a eficiencia e\/ou calidade conforman unhas li\u00f1as de actuaci\u00f3n b\u00e1sicas se o que se pretende \u00e9 acadar e manter posici\u00f3ns vangardistas no tecido empresarial.<\/p>\n<p style=\"text-align: justify;\">Tanto as esixencias legais como as novas necesidades dos consumidores do noso produto, son variables que hai que ter en conta \u00e1 hora de planificar e xestionar rutas orientadas \u00e1 conquista de tales posici\u00f3ns. Exemplos destas actuaci\u00f3ns podemos atopalas na industria alimentaria (mellora de procesos, mantendo a calidade de produto e minimizando riscos), qu\u00edmico-farmac\u00e9utica (novos medicamentos, novas v\u00edas de actuaci\u00f3n), bens de equipo (novas aliaxes, novos mecanismos) e, do mesmo xeito, en todos os sectores produtivos. Como se ve, a palabra \u201cnovo\u201d \u00e9 una constante; \u00e9 a\u00ed onde a investigaci\u00f3n (o primeiro I) imp\u00f3n o seu dominio para a xeraci\u00f3n de novo co\u00f1ecemento, nunha primeira fase.<\/p>\n<p style=\"text-align: justify;\">A continuaci\u00f3n, unha segunda fase, o Desenvolvemento; unha vez acadados os co\u00f1ecementos, tr\u00e1tase da s\u00faa aplicaci\u00f3n ao proceso que queremos mellorar ou implantar; analizar las mellores rutas de actuaci\u00f3n, comprobar diferentes par\u00e1metros econ\u00f3micos e cient\u00edficos, ata obter a mellor forma de actualizar a nosa actividade ou implantar novos fitos; a suma dos dous puntos anteriores, Investigaci\u00f3n e Desenvolvemento (I+D) aporta pulo \u00e1 crecenza industrial: certificaci\u00f3n de patentes (de produto ou proceso), publicidade dos logros acadados, desgravaci\u00f3n no Imposto de Sociedades\u2026 Todos eles aspectos nada desprezables.<\/p>\n<p style=\"text-align: justify;\">Por \u00faltimo, hai que mencionar a innovaci\u00f3n; neste caso, a aplicaci\u00f3n de co\u00f1ecementos xa previamente adquiridos, co fin de implantar as melloras en canto a calidade, eficiencia\u2026<\/p>\n<p style=\"text-align: justify;\">SOLUCIENCIA ofrece soluci\u00f3ns en:<\/p>\n<ul>\n<li style=\"text-align: justify;\">Dese\u00f1o e xesti\u00f3n de proxectos.<\/li>\n<li style=\"text-align: justify;\">Fiscalidade da I+D+i.<\/li>\n<li style=\"text-align: justify;\">Financiamento de proxectos.<\/li>\n<li style=\"text-align: justify;\">Laboratorios: ISO 17025.<\/li>\n<li style=\"text-align: justify;\">Mellora de procesos.<\/li>\n<li style=\"text-align: justify;\">Desenvolvemento de novos produtos e\/ou procesos.<\/li>\n<li style=\"text-align: justify;\">Formaci\u00f3n.<\/li>\n<\/ul>\n<\/div><\/section><\/div>\n\n<style type=\"text\/css\" data-created_by=\"avia_inline_auto\" id=\"style-css-av-av_one_half-2a64de42b738552fe666ca889af77e28\">\n.flex_column.av-av_one_half-2a64de42b738552fe666ca889af77e28{\nborder-radius:0px 0px 0px 0px;\npadding:0px 0px 0px 0px;\n}\n<\/style>\n<div  class='flex_column av-av_one_half-2a64de42b738552fe666ca889af77e28 av_one_half  avia-builder-el-2  el_after_av_one_half  avia-builder-el-last  flex_column_div av-zero-column-padding  '     ><p>\n<style type=\"text\/css\" data-created_by=\"avia_inline_auto\" id=\"style-css-av-av_image-e76cfb9627b717904cfa29d03211511b\">\n.avia-image-container.av-av_image-e76cfb9627b717904cfa29d03211511b img.avia_image{\nbox-shadow:none;\n}\n.avia-image-container.av-av_image-e76cfb9627b717904cfa29d03211511b .av-image-caption-overlay-center{\ncolor:#ffffff;\n}\n<\/style>\n<div  class='avia-image-container av-av_image-e76cfb9627b717904cfa29d03211511b av-styling- av-hover-grow avia-align-center  avia-builder-el-3  el_before_av_hr  avia-builder-el-first '   itemprop=\"image\" itemscope=\"itemscope\" itemtype=\"https:\/\/schema.org\/ImageObject\" ><div class=\"avia-image-container-inner\"><div class=\"avia-image-overlay-wrap\"><img decoding=\"async\" fetchpriority=\"high\" class='wp-image-3870 avia-img-lazy-loading-not-3870 avia_image ' src=\"https:\/\/www.soluciencia.com\/wp-content\/uploads\/2015\/07\/ensaio-quimico-300x168.jpg\" alt='Montaxe de laboratorio para un ensaio qu\u00edmico' title='Montaxe de laboratorio para un ensaio qu\u00edmico'  height=\"168\" width=\"300\"  itemprop=\"thumbnailUrl\" srcset=\"https:\/\/www.soluciencia.com\/wp-content\/uploads\/2015\/07\/ensaio-quimico-300x168.jpg 300w, https:\/\/www.soluciencia.com\/wp-content\/uploads\/2015\/07\/ensaio-quimico-768x431.jpg 768w, https:\/\/www.soluciencia.com\/wp-content\/uploads\/2015\/07\/ensaio-quimico-1030x578.jpg 1030w, https:\/\/www.soluciencia.com\/wp-content\/uploads\/2015\/07\/ensaio-quimico-1500x842.jpg 1500w, https:\/\/www.soluciencia.com\/wp-content\/uploads\/2015\/07\/ensaio-quimico-705x396.jpg 705w, https:\/\/www.soluciencia.com\/wp-content\/uploads\/2015\/07\/ensaio-quimico-450x253.jpg 450w\" sizes=\"(max-width: 300px) 100vw, 300px\" \/><\/div><\/div><\/div><br \/>\n\n<style type=\"text\/css\" data-created_by=\"avia_inline_auto\" id=\"style-css-av-av_hr-a1ba20606e5c102fddb6a817df412382\">\n#top .hr.hr-invisible.av-av_hr-a1ba20606e5c102fddb6a817df412382{\nheight:75px;\n}\n<\/style>\n<div  class='hr av-av_hr-a1ba20606e5c102fddb6a817df412382 hr-invisible  avia-builder-el-4  el_after_av_image  el_before_av_image '><span class='hr-inner '><span class=\"hr-inner-style\"><\/span><\/span><\/div><br \/>\n\n<style type=\"text\/css\" data-created_by=\"avia_inline_auto\" id=\"style-css-av-av_image-91ffcaaeba03f494fe3cc733e3c4da54\">\n.avia-image-container.av-av_image-91ffcaaeba03f494fe3cc733e3c4da54 img.avia_image{\nbox-shadow:none;\n}\n.avia-image-container.av-av_image-91ffcaaeba03f494fe3cc733e3c4da54 .av-image-caption-overlay-center{\ncolor:#ffffff;\n}\n<\/style>\n<div  class='avia-image-container av-av_image-91ffcaaeba03f494fe3cc733e3c4da54 av-styling- av-hover-grow avia-align-center  avia-builder-el-5  el_after_av_hr  el_before_av_hr '   itemprop=\"image\" itemscope=\"itemscope\" itemtype=\"https:\/\/schema.org\/ImageObject\" ><div class=\"avia-image-container-inner\"><div class=\"avia-image-overlay-wrap\"><img decoding=\"async\" fetchpriority=\"high\" class='wp-image-3871 avia-img-lazy-loading-not-3871 avia_image ' src=\"https:\/\/www.soluciencia.com\/wp-content\/uploads\/2015\/07\/matraces-300x169.jpg\" alt='Matraces con disoluci\u00f3ns listas para ensaios' title='Matraces con disoluci\u00f3ns listas para ensaios'  height=\"169\" width=\"300\"  itemprop=\"thumbnailUrl\" srcset=\"https:\/\/www.soluciencia.com\/wp-content\/uploads\/2015\/07\/matraces-300x169.jpg 300w, https:\/\/www.soluciencia.com\/wp-content\/uploads\/2015\/07\/matraces-768x432.jpg 768w, https:\/\/www.soluciencia.com\/wp-content\/uploads\/2015\/07\/matraces-1030x579.jpg 1030w, https:\/\/www.soluciencia.com\/wp-content\/uploads\/2015\/07\/matraces-1500x844.jpg 1500w, https:\/\/www.soluciencia.com\/wp-content\/uploads\/2015\/07\/matraces-705x397.jpg 705w, https:\/\/www.soluciencia.com\/wp-content\/uploads\/2015\/07\/matraces-450x253.jpg 450w\" sizes=\"(max-width: 300px) 100vw, 300px\" \/><\/div><\/div><\/div><br \/>\n\n<style type=\"text\/css\" data-created_by=\"avia_inline_auto\" id=\"style-css-av-av_hr-a1ba20606e5c102fddb6a817df412382\">\n#top .hr.hr-invisible.av-av_hr-a1ba20606e5c102fddb6a817df412382{\nheight:75px;\n}\n<\/style>\n<div  class='hr av-av_hr-a1ba20606e5c102fddb6a817df412382 hr-invisible  avia-builder-el-6  el_after_av_image  el_before_av_image '><span class='hr-inner '><span class=\"hr-inner-style\"><\/span><\/span><\/div><br \/>\n\n<style type=\"text\/css\" data-created_by=\"avia_inline_auto\" id=\"style-css-av-av_image-9a2467fec36099ea4364ee67e939c856\">\n.avia-image-container.av-av_image-9a2467fec36099ea4364ee67e939c856 img.avia_image{\nbox-shadow:none;\n}\n.avia-image-container.av-av_image-9a2467fec36099ea4364ee67e939c856 .av-image-caption-overlay-center{\ncolor:#ffffff;\n}\n<\/style>\n<div  class='avia-image-container av-av_image-9a2467fec36099ea4364ee67e939c856 av-styling- av-hover-grow avia-align-center  avia-builder-el-7  el_after_av_hr  avia-builder-el-last '   itemprop=\"image\" itemscope=\"itemscope\" itemtype=\"https:\/\/schema.org\/ImageObject\" ><div class=\"avia-image-container-inner\"><div class=\"avia-image-overlay-wrap\"><img decoding=\"async\" fetchpriority=\"high\" class='wp-image-3872 avia-img-lazy-loading-not-3872 avia_image ' src=\"https:\/\/www.soluciencia.com\/wp-content\/uploads\/2015\/07\/rotavapor-300x169.jpg\" alt='Un rotavapor permite unha eliminaci\u00f3n r\u00e1pida e sinxela dos disolventes' title='Un rotavapor permite unha eliminaci\u00f3n r\u00e1pida e sinxela dos disolventes'  height=\"169\" width=\"300\"  itemprop=\"thumbnailUrl\" srcset=\"https:\/\/www.soluciencia.com\/wp-content\/uploads\/2015\/07\/rotavapor-300x169.jpg 300w, https:\/\/www.soluciencia.com\/wp-content\/uploads\/2015\/07\/rotavapor-768x432.jpg 768w, https:\/\/www.soluciencia.com\/wp-content\/uploads\/2015\/07\/rotavapor-1030x580.jpg 1030w, https:\/\/www.soluciencia.com\/wp-content\/uploads\/2015\/07\/rotavapor-705x397.jpg 705w, https:\/\/www.soluciencia.com\/wp-content\/uploads\/2015\/07\/rotavapor-450x253.jpg 450w, https:\/\/www.soluciencia.com\/wp-content\/uploads\/2015\/07\/rotavapor.jpg 1362w\" sizes=\"(max-width: 300px) 100vw, 300px\" \/><\/div><\/div><\/div><\/p><\/div>\n","protected":false},"excerpt":{"rendered":"","protected":false},"author":1,"featured_media":0,"parent":0,"menu_order":0,"comment_status":"open","ping_status":"open","template":"","meta":{"footnotes":""},"class_list":["post-3302","page","type-page","status-publish","hentry"],"_links":{"self":[{"href":"https:\/\/www.soluciencia.com\/gl\/wp-json\/wp\/v2\/pages\/3302","targetHints":{"allow":["GET"]}}],"collection":[{"href":"https:\/\/www.soluciencia.com\/gl\/wp-json\/wp\/v2\/pages"}],"about":[{"href":"https:\/\/www.soluciencia.com\/gl\/wp-json\/wp\/v2\/types\/page"}],"author":[{"embeddable":true,"href":"https:\/\/www.soluciencia.com\/gl\/wp-json\/wp\/v2\/users\/1"}],"replies":[{"embeddable":true,"href":"https:\/\/www.soluciencia.com\/gl\/wp-json\/wp\/v2\/comments?post=3302"}],"version-history":[{"count":0,"href":"https:\/\/www.soluciencia.com\/gl\/wp-json\/wp\/v2\/pages\/3302\/revisions"}],"wp:attachment":[{"href":"https:\/\/www.soluciencia.com\/gl\/wp-json\/wp\/v2\/media?parent=3302"}],"curies":[{"name":"wp","href":"https:\/\/api.w.org\/{rel}","templated":true}]}}