{"id":3263,"date":"2024-07-18T11:56:22","date_gmt":"2024-07-18T09:56:22","guid":{"rendered":"http:\/\/www.soluciencia.com\/?page_id=3263"},"modified":"2024-07-18T21:31:25","modified_gmt":"2024-07-18T19:31:25","slug":"inicio-galego","status":"publish","type":"page","link":"https:\/\/www.soluciencia.com\/gl\/","title":{"rendered":"Inicio-Galego"},"content":{"rendered":"<div  class='flex_column av-av_one_fourth-2a9015ff38129c418a3f2eafba3e9512 av_one_fourth  avia-builder-el-0  el_before_av_one_fourth  avia-builder-el-first  first flex_column_div  '     ><article  class='iconbox iconbox_left av-lyrnzahk-3aae430c767dc4b246138b7253acf26f  avia-builder-el-1  avia-builder-el-no-sibling '  itemscope=\"itemscope\" itemtype=\"https:\/\/schema.org\/CreativeWork\" ><div class=\"iconbox_content\"><header class=\"entry-content-header\" aria-label=\"Icon: INVESTIGACI\u00d3N\"><div class='iconbox_icon heading-color avia-iconfont avia-font-entypo-fontello' data-av_icon='\ue8b3' data-av_iconfont='entypo-fontello'  ><\/div><h3 class='iconbox_content_title '  itemprop=\"headline\" >INVESTIGACI\u00d3N<\/h3><\/header><div class='iconbox_content_container '  itemprop=\"text\" ><p><span style=\"color: #666666; font-family: 'Open Sans', HelveticaNeue, 'Helvetica Neue', Helvetica, Arial, sans-serif; font-size: 13px; font-style: normal; font-variant: normal; font-weight: normal; letter-spacing: normal; line-height: 21.450000762939453px; orphans: auto; text-align: start; text-indent: 0px; text-transform: none; white-space: normal; widows: auto; word-spacing: 0px; -webkit-text-stroke-width: 0px; display: inline !important; float: none; background-color: #ffffff;\">O desenvolvemento de novos produtos ou a mellora de rendementos na produci\u00f3n son aspectos clave \u00e1 hora de acceder e permanecer en diferentes nichos de mercado. Dese\u00f1o e xesti\u00f3n (cient\u00edfica e econ\u00f3mica) de proxectos de I+D<br \/>\n<\/span><\/p>\n<\/div><\/div><footer class=\"entry-footer\"><\/footer><\/article><\/div>\n<style type=\"text\/css\" data-created_by=\"avia_inline_auto\" id=\"style-css-av-av_one_fourth-2a64de42b738552fe666ca889af77e28\">\n.flex_column.av-av_one_fourth-2a64de42b738552fe666ca889af77e28{\nborder-radius:0px 0px 0px 0px;\npadding:0px 0px 0px 0px;\n}\n<\/style>\n<div  class='flex_column av-av_one_fourth-2a64de42b738552fe666ca889af77e28 av_one_fourth  avia-builder-el-2  el_after_av_one_fourth  el_before_av_one_fourth  flex_column_div av-zero-column-padding  '     ><article  class='iconbox iconbox_left av-lyrnzito-f615d4648f0b6f9216144174457dd177  avia-builder-el-3  avia-builder-el-no-sibling '  itemscope=\"itemscope\" itemtype=\"https:\/\/schema.org\/CreativeWork\" ><div class=\"iconbox_content\"><header class=\"entry-content-header\" aria-label=\"Icon: Medio Ambiente\"><div class='iconbox_icon heading-color avia-iconfont avia-font-entypo-fontello' data-av_icon='\ue837' data-av_iconfont='entypo-fontello'  ><\/div><h3 class='iconbox_content_title '  itemprop=\"headline\" >Medio Ambiente<\/h3><\/header><div class='iconbox_content_container '  itemprop=\"text\" ><p><span lang=\"GL\">Alternativas que reducen a incidencia da actividade da empresa co entorno (impacto ambiental) con posibles consecuencias sobre a sa\u00fade, actividades diarias e mesmo sobre a econom\u00eda<\/span><\/p>\n<\/div><\/div><footer class=\"entry-footer\"><\/footer><\/article><\/div>\n<style type=\"text\/css\" data-created_by=\"avia_inline_auto\" id=\"style-css-av-av_one_fourth-2a64de42b738552fe666ca889af77e28\">\n.flex_column.av-av_one_fourth-2a64de42b738552fe666ca889af77e28{\nborder-radius:0px 0px 0px 0px;\npadding:0px 0px 0px 0px;\n}\n<\/style>\n<div  class='flex_column av-av_one_fourth-2a64de42b738552fe666ca889af77e28 av_one_fourth  avia-builder-el-4  el_after_av_one_fourth  el_before_av_one_fourth  flex_column_div av-zero-column-padding  '     ><article  class='iconbox iconbox_left av-av_icon_box-ccfc2b5087e87bf4c49f851bb54722c4  avia-builder-el-5  avia-builder-el-no-sibling '  itemscope=\"itemscope\" itemtype=\"https:\/\/schema.org\/CreativeWork\" ><div class=\"iconbox_content\"><header class=\"entry-content-header\" aria-label=\"Icon: Riscos Laborais\"><div class='iconbox_icon heading-color avia-iconfont avia-font-entypo-fontello' data-av_icon='\ue8a9' data-av_iconfont='entypo-fontello'  ><\/div><h3 class='iconbox_content_title '  itemprop=\"headline\" >Riscos Laborais<\/h3><\/header><div class='iconbox_content_container '  itemprop=\"text\" ><p><span lang=\"GL\">Soluci\u00f3ns que garanten condici\u00f3ns axeitadas de seguridade, hixiene e ergonom\u00eda no entorno laboral ou melloras as existentes, coa conseguinte diminuci\u00f3n do absentismo laboral, aumento da produtividade e reduci\u00f3n dos custes de produci\u00f3n<\/span><\/p>\n<\/div><\/div><footer class=\"entry-footer\"><\/footer><\/article><\/div><\/p>\n\n<style type=\"text\/css\" data-created_by=\"avia_inline_auto\" id=\"style-css-av-av_one_fourth-2a64de42b738552fe666ca889af77e28\">\n.flex_column.av-av_one_fourth-2a64de42b738552fe666ca889af77e28{\nborder-radius:0px 0px 0px 0px;\npadding:0px 0px 0px 0px;\n}\n<\/style>\n<div  class='flex_column av-av_one_fourth-2a64de42b738552fe666ca889af77e28 av_one_fourth  avia-builder-el-6  el_after_av_one_fourth  el_before_av_layerslider  avia-builder-el-last  flex_column_div av-zero-column-padding  '     ><article  class='iconbox iconbox_left av-lyro0jw7-5ca3f667aec3c76a18af6a78377edcef  avia-builder-el-7  avia-builder-el-no-sibling '  itemscope=\"itemscope\" itemtype=\"https:\/\/schema.org\/CreativeWork\" ><div class=\"iconbox_content\"><header class=\"entry-content-header\" aria-label=\"Icon: M\u00e1is soluci\u00f3ns\"><div class='iconbox_icon heading-color avia-iconfont avia-font-entypo-fontello' data-av_icon='\ue864' data-av_iconfont='entypo-fontello'  ><\/div><h3 class='iconbox_content_title '  itemprop=\"headline\" >M\u00e1is soluci\u00f3ns<\/h3><\/header><div class='iconbox_content_container '  itemprop=\"text\" ><p>Actividades formativas, divulgaci\u00f3n cient\u00edfica, informes periciais, organizaci\u00f3n de eventos, asesoramento cient\u00edfico&#8230;<\/p>\n<p><span style=\"color: #666666; font-family: 'Open Sans', HelveticaNeue, 'Helvetica Neue', Helvetica, Arial, sans-serif; font-size: 13px; font-style: normal; font-variant: normal; font-weight: normal; letter-spacing: normal; line-height: 21.450000762939453px; orphans: auto; text-align: start; text-indent: 0px; text-transform: none; white-space: normal; widows: auto; word-spacing: 0px; -webkit-text-stroke-width: 0px; display: inline !important; float: none; background-color: #ffffff;\">\u00a0<\/span><\/p>\n<\/div><\/div><footer class=\"entry-footer\"><\/footer><\/article><\/div><\/div><\/div><\/div><!-- close content main div --><\/div><\/div><div id='layer_slider_1'  class='avia-layerslider main_color avia-shadow  avia-builder-el-8  el_after_av_one_fourth  avia-builder-el-last  slider-not-first container_wrap fullsize'  style='height: 401px;'  ><\/div><\/p>\n","protected":false},"excerpt":{"rendered":"","protected":false},"author":1,"featured_media":0,"parent":0,"menu_order":0,"comment_status":"open","ping_status":"closed","template":"","meta":{"footnotes":""},"class_list":["post-3263","page","type-page","status-publish","hentry"],"_links":{"self":[{"href":"https:\/\/www.soluciencia.com\/gl\/wp-json\/wp\/v2\/pages\/3263","targetHints":{"allow":["GET"]}}],"collection":[{"href":"https:\/\/www.soluciencia.com\/gl\/wp-json\/wp\/v2\/pages"}],"about":[{"href":"https:\/\/www.soluciencia.com\/gl\/wp-json\/wp\/v2\/types\/page"}],"author":[{"embeddable":true,"href":"https:\/\/www.soluciencia.com\/gl\/wp-json\/wp\/v2\/users\/1"}],"replies":[{"embeddable":true,"href":"https:\/\/www.soluciencia.com\/gl\/wp-json\/wp\/v2\/comments?post=3263"}],"version-history":[{"count":2,"href":"https:\/\/www.soluciencia.com\/gl\/wp-json\/wp\/v2\/pages\/3263\/revisions"}],"predecessor-version":[{"id":4132,"href":"https:\/\/www.soluciencia.com\/gl\/wp-json\/wp\/v2\/pages\/3263\/revisions\/4132"}],"wp:attachment":[{"href":"https:\/\/www.soluciencia.com\/gl\/wp-json\/wp\/v2\/media?parent=3263"}],"curies":[{"name":"wp","href":"https:\/\/api.w.org\/{rel}","templated":true}]}}