{"id":3248,"date":"2017-08-11T11:02:41","date_gmt":"2017-08-11T09:02:41","guid":{"rendered":"http:\/\/www.soluciencia.com\/?page_id=3248"},"modified":"2017-08-14T13:26:22","modified_gmt":"2017-08-14T11:26:22","slug":"solucions-medio-ambiente","status":"publish","type":"page","link":"https:\/\/www.soluciencia.com\/gl\/solucions-medio-ambiente\/","title":{"rendered":"Soluci\u00f3ns Medio Ambiente"},"content":{"rendered":"<div  class='flex_column av-av_one_half-2a9015ff38129c418a3f2eafba3e9512 av_one_half  avia-builder-el-0  el_before_av_one_half  avia-builder-el-first  first flex_column_div  '     ><section  class='av_textblock_section av-av_textblock-0366cc7376be6c9e82a3e9cc8987b64f '   itemscope=\"itemscope\" itemtype=\"https:\/\/schema.org\/CreativeWork\" ><div class='avia_textblock'  itemprop=\"text\" ><p style=\"text-align: justify;\">A crecente concienciaci\u00f3n social sobre cuesti\u00f3ns medioambientais (cambio clim\u00e1tico, efecto invernadoiro, capa de ozono, chuvia \u00e1cida) fai que as empresas incl\u00faan, cada vez m\u00e1is, criterios de protecci\u00f3n e respecto ao medio ambiente na s\u00faa actividade coti\u00e1. Un dos principais efectos desta demanda social \u00e9 a esixencia crecente de consideraci\u00f3ns ecol\u00f3xicas na licitaci\u00f3n de obra p\u00fablica; \u00e1 s\u00faa vez, as empresas que acceden a tales licitaci\u00f3ns, implantan ditas demandas nos seus convenios con filiais, subcontratas\u2026 o cal fai que a xesti\u00f3n ambiental sexa unha cuesti\u00f3n de importancia crecente para a realizaci\u00f3n da actividade empresarial.<\/p>\n<p style=\"text-align: justify;\">Nos \u00faltimos anos, desastres ecol\u00f3xicos como a cat\u00e1strofe do Prestige, o accidente de Aznalc\u00f3llar, a incesante praga de incendios forestais, desastres derivados do cambio clim\u00e1tico\u2026 fomentaron el aumento desta conciencia social e das esixencias, tanto de intermediarios como do consumidor final.<\/p>\n<p style=\"text-align: justify;\">Ademais do beneficio xeral do respecto ao medio ambiente, unha axeitada xesti\u00f3n ambiental nas empresas fai que se reduza considerablemente o risco de accidentes, coa conseguinte reduci\u00f3n nas p\u00f3lizas de seguros, tanto medioambientais como de riscos laborais, xa que, en moitas ocasi\u00f3ns, ambos aspectos cami\u00f1an da man. Dado que a implantaci\u00f3n dun sistema de xesti\u00f3n esixe a formaci\u00f3n dos traballadores, est\u00e1 claro que os riscos, nun campo e no outro, se ven reducidos dada a adquisici\u00f3n de co\u00f1ecemento por parte dos empregados.<\/p>\n<p style=\"text-align: justify;\">Non hai que esquecer en este punto o concepto I+D; mediante a investigaci\u00f3n e desenvolvemento p\u00f3dese obter unha mellora nos aspectos ambientais relacionados coa actividade da empresa: implantaci\u00f3n de procesos menos contaminantes (coa conseguinte reduci\u00f3n de gastos), melloras de proceso orientadas a unha maior eficiencia, \u00e9 dicir, manter a produtividade reducindo o consumo de enerx\u00eda, o cal, \u00e1 s\u00faa vez, repercute nun descenso de tarifas de gas, electricidade\u2026<\/p>\n<p style=\"text-align: justify;\">SOLUCIENCIA aporta soluci\u00f3ns nos seguintes \u00e1mbitos:<\/p>\n<ul style=\"text-align: justify;\">\n<li>Implantaci\u00f3n de sistemas de xesti\u00f3n ambiental (ISO 14001, EMAS).<\/li>\n<li>Realizaci\u00f3n de auditor\u00edas ambientais.<\/li>\n<li>Estudos de impacto ambiental.<\/li>\n<li>Xesti\u00f3n axeitada de residuos.<\/li>\n<li>Licencias, subvenci\u00f3ns, axudas\u2026<\/li>\n<li>Formaci\u00f3n.<\/li>\n<\/ul>\n<\/div><\/section><\/div>\n\n<style type=\"text\/css\" data-created_by=\"avia_inline_auto\" id=\"style-css-av-av_one_half-2a64de42b738552fe666ca889af77e28\">\n.flex_column.av-av_one_half-2a64de42b738552fe666ca889af77e28{\nborder-radius:0px 0px 0px 0px;\npadding:0px 0px 0px 0px;\n}\n<\/style>\n<div  class='flex_column av-av_one_half-2a64de42b738552fe666ca889af77e28 av_one_half  avia-builder-el-2  el_after_av_one_half  avia-builder-el-last  flex_column_div av-zero-column-padding  '     ><p>\n<style type=\"text\/css\" data-created_by=\"avia_inline_auto\" id=\"style-css-av-av_image-dade85ced7ce8eda6f70a61a6f74b86b\">\n.avia-image-container.av-av_image-dade85ced7ce8eda6f70a61a6f74b86b img.avia_image{\nbox-shadow:none;\n}\n.avia-image-container.av-av_image-dade85ced7ce8eda6f70a61a6f74b86b .av-image-caption-overlay-center{\ncolor:#ffffff;\n}\n<\/style>\n<div  class='avia-image-container av-av_image-dade85ced7ce8eda6f70a61a6f74b86b av-styling- av-hover-grow avia-align-center  avia-builder-el-3  el_before_av_hr  avia-builder-el-first '   itemprop=\"image\" itemscope=\"itemscope\" itemtype=\"https:\/\/schema.org\/ImageObject\" ><div class=\"avia-image-container-inner\"><div class=\"avia-image-overlay-wrap\"><img decoding=\"async\" fetchpriority=\"high\" class='wp-image-3883 avia-img-lazy-loading-not-3883 avia_image ' src=\"https:\/\/www.soluciencia.com\/wp-content\/uploads\/2015\/07\/abella-polen-300x169.jpg\" alt='O uso inadecuado de biocidas provocou unha alta mortalidade nas abellas' title='O uso inadecuado de biocidas provocou unha alta mortalidade nas abellas'  height=\"169\" width=\"300\"  itemprop=\"thumbnailUrl\" srcset=\"https:\/\/www.soluciencia.com\/wp-content\/uploads\/2015\/07\/abella-polen-300x169.jpg 300w, https:\/\/www.soluciencia.com\/wp-content\/uploads\/2015\/07\/abella-polen-768x432.jpg 768w, https:\/\/www.soluciencia.com\/wp-content\/uploads\/2015\/07\/abella-polen-1030x579.jpg 1030w, https:\/\/www.soluciencia.com\/wp-content\/uploads\/2015\/07\/abella-polen-1500x844.jpg 1500w, https:\/\/www.soluciencia.com\/wp-content\/uploads\/2015\/07\/abella-polen-705x397.jpg 705w, https:\/\/www.soluciencia.com\/wp-content\/uploads\/2015\/07\/abella-polen-450x253.jpg 450w\" sizes=\"(max-width: 300px) 100vw, 300px\" \/><\/div><\/div><\/div><br \/>\n\n<style type=\"text\/css\" data-created_by=\"avia_inline_auto\" id=\"style-css-av-av_hr-0e9a49917b0de0706d158e440e555acc\">\n#top .hr.hr-invisible.av-av_hr-0e9a49917b0de0706d158e440e555acc{\nheight:175px;\n}\n<\/style>\n<div  class='hr av-av_hr-0e9a49917b0de0706d158e440e555acc hr-invisible  avia-builder-el-4  el_after_av_image  el_before_av_image '><span class='hr-inner '><span class=\"hr-inner-style\"><\/span><\/span><\/div><br \/>\n\n<style type=\"text\/css\" data-created_by=\"avia_inline_auto\" id=\"style-css-av-av_image-9848b40b246b92515192246c9b016138\">\n.avia-image-container.av-av_image-9848b40b246b92515192246c9b016138 img.avia_image{\nbox-shadow:none;\n}\n.avia-image-container.av-av_image-9848b40b246b92515192246c9b016138 .av-image-caption-overlay-center{\ncolor:#ffffff;\n}\n<\/style>\n<div  class='avia-image-container av-av_image-9848b40b246b92515192246c9b016138 av-styling- av-hover-grow avia-align-center  avia-builder-el-5  el_after_av_hr  el_before_av_hr '   itemprop=\"image\" itemscope=\"itemscope\" itemtype=\"https:\/\/schema.org\/ImageObject\" ><div class=\"avia-image-container-inner\"><div class=\"avia-image-overlay-wrap\"><img decoding=\"async\" fetchpriority=\"high\" class='wp-image-3884 avia-img-lazy-loading-not-3884 avia_image ' src=\"https:\/\/www.soluciencia.com\/wp-content\/uploads\/2015\/07\/campus-santiago-300x169.jpg\" alt='Os parques urbanos contrib\u00faen a mellorar a calidade do aire nas cidades' title='Os parques urbanos contrib\u00faen a mellorar a calidade do aire nas cidades'  height=\"169\" width=\"300\"  itemprop=\"thumbnailUrl\" srcset=\"https:\/\/www.soluciencia.com\/wp-content\/uploads\/2015\/07\/campus-santiago-300x169.jpg 300w, https:\/\/www.soluciencia.com\/wp-content\/uploads\/2015\/07\/campus-santiago-768x432.jpg 768w, https:\/\/www.soluciencia.com\/wp-content\/uploads\/2015\/07\/campus-santiago-1030x579.jpg 1030w, https:\/\/www.soluciencia.com\/wp-content\/uploads\/2015\/07\/campus-santiago-1500x844.jpg 1500w, https:\/\/www.soluciencia.com\/wp-content\/uploads\/2015\/07\/campus-santiago-705x397.jpg 705w, https:\/\/www.soluciencia.com\/wp-content\/uploads\/2015\/07\/campus-santiago-450x253.jpg 450w\" sizes=\"(max-width: 300px) 100vw, 300px\" \/><\/div><\/div><\/div><br \/>\n\n<style type=\"text\/css\" data-created_by=\"avia_inline_auto\" id=\"style-css-av-av_hr-0e9a49917b0de0706d158e440e555acc\">\n#top .hr.hr-invisible.av-av_hr-0e9a49917b0de0706d158e440e555acc{\nheight:175px;\n}\n<\/style>\n<div  class='hr av-av_hr-0e9a49917b0de0706d158e440e555acc hr-invisible  avia-builder-el-6  el_after_av_image  el_before_av_image '><span class='hr-inner '><span class=\"hr-inner-style\"><\/span><\/span><\/div><br \/>\n\n<style type=\"text\/css\" data-created_by=\"avia_inline_auto\" id=\"style-css-av-av_image-c6f2a1566b874110f2c571285e4e3cac\">\n.avia-image-container.av-av_image-c6f2a1566b874110f2c571285e4e3cac img.avia_image{\nbox-shadow:none;\n}\n.avia-image-container.av-av_image-c6f2a1566b874110f2c571285e4e3cac .av-image-caption-overlay-center{\ncolor:#ffffff;\n}\n<\/style>\n<div  class='avia-image-container av-av_image-c6f2a1566b874110f2c571285e4e3cac av-styling- av-hover-grow avia-align-center  avia-builder-el-7  el_after_av_hr  avia-builder-el-last '   itemprop=\"image\" itemscope=\"itemscope\" itemtype=\"https:\/\/schema.org\/ImageObject\" ><div class=\"avia-image-container-inner\"><div class=\"avia-image-overlay-wrap\"><img decoding=\"async\" fetchpriority=\"high\" class='wp-image-3885 avia-img-lazy-loading-not-3885 avia_image ' src=\"https:\/\/www.soluciencia.com\/wp-content\/uploads\/2015\/07\/ganderia-ecoloxica-300x169.jpg\" alt='As t\u00e9cnicas de produci\u00f3n ecol\u00f3xica melloran a interacci\u00f3n co entorno' title='As t\u00e9cnicas de produci\u00f3n ecol\u00f3xica melloran a interacci\u00f3n co entorno'  height=\"169\" width=\"300\"  itemprop=\"thumbnailUrl\" srcset=\"https:\/\/www.soluciencia.com\/wp-content\/uploads\/2015\/07\/ganderia-ecoloxica-300x169.jpg 300w, https:\/\/www.soluciencia.com\/wp-content\/uploads\/2015\/07\/ganderia-ecoloxica-768x432.jpg 768w, https:\/\/www.soluciencia.com\/wp-content\/uploads\/2015\/07\/ganderia-ecoloxica-1030x579.jpg 1030w, https:\/\/www.soluciencia.com\/wp-content\/uploads\/2015\/07\/ganderia-ecoloxica-1500x844.jpg 1500w, https:\/\/www.soluciencia.com\/wp-content\/uploads\/2015\/07\/ganderia-ecoloxica-705x397.jpg 705w, https:\/\/www.soluciencia.com\/wp-content\/uploads\/2015\/07\/ganderia-ecoloxica-450x253.jpg 450w\" sizes=\"(max-width: 300px) 100vw, 300px\" \/><\/div><\/div><\/div><\/p><\/div>\n","protected":false},"excerpt":{"rendered":"","protected":false},"author":1,"featured_media":0,"parent":0,"menu_order":0,"comment_status":"open","ping_status":"closed","template":"","meta":{"footnotes":""},"class_list":["post-3248","page","type-page","status-publish","hentry"],"_links":{"self":[{"href":"https:\/\/www.soluciencia.com\/gl\/wp-json\/wp\/v2\/pages\/3248","targetHints":{"allow":["GET"]}}],"collection":[{"href":"https:\/\/www.soluciencia.com\/gl\/wp-json\/wp\/v2\/pages"}],"about":[{"href":"https:\/\/www.soluciencia.com\/gl\/wp-json\/wp\/v2\/types\/page"}],"author":[{"embeddable":true,"href":"https:\/\/www.soluciencia.com\/gl\/wp-json\/wp\/v2\/users\/1"}],"replies":[{"embeddable":true,"href":"https:\/\/www.soluciencia.com\/gl\/wp-json\/wp\/v2\/comments?post=3248"}],"version-history":[{"count":0,"href":"https:\/\/www.soluciencia.com\/gl\/wp-json\/wp\/v2\/pages\/3248\/revisions"}],"wp:attachment":[{"href":"https:\/\/www.soluciencia.com\/gl\/wp-json\/wp\/v2\/media?parent=3248"}],"curies":[{"name":"wp","href":"https:\/\/api.w.org\/{rel}","templated":true}]}}